{"id":78,"date":"2024-05-26T09:45:49","date_gmt":"2024-05-26T07:45:49","guid":{"rendered":"https:\/\/www.diocesimessina.it\/pattoeducativo\/?page_id=78"},"modified":"2024-05-26T09:45:49","modified_gmt":"2024-05-26T07:45:49","slug":"comunita-educante","status":"publish","type":"page","link":"https:\/\/www.diocesimessina.it\/pattoeducativo\/comunita-educante\/","title":{"rendered":"Comunit\u00e0 Educante"},"content":{"rendered":"<p>&#8220;La risposta al fenomeno della <strong><a href=\"https:\/\/percorsiconibambini.it\/poverta-educativa\/\">povert\u00e0 educativa minorile<\/a><\/strong>\u00a0\u00e8 la comunit\u00e0 educante, che comprende l\u2019insieme dei soggetti coinvolti nella crescita e nell\u2019educazione dei minori. In primis scuola e famiglia, ma anche organizzazioni del Terzo settore, privato sociale, istituzioni, societ\u00e0 civile, parrocchie, universit\u00e0, i ragazzi stessi. <strong>Comunit\u00e0 educante<\/strong> \u00e8 l\u2019intera collettivit\u00e0 che ruota intorno ai pi\u00f9 giovani. Una comunit\u00e0 che cresce \u201ccon\u201d loro, e non solo per loro; che educa gli adulti del domani, ma che si fa anche educare e cambiare da loro.<\/p>\n<p>Per far nascere una comunit\u00e0 educante \u00e8 necessario coinvolgere tutti i soggetti del territorio nei progetti per riportare i ragazzi e le loro famiglie al centro dell\u2019interesse pubblico. Condividendo strumenti, idee e buone pratiche \u00e8 possibile raggiungere l\u2019obiettivo comune di migliorare le condizioni di vita di bambini e ragazzi, che diventano non solo destinatari dei servizi, ma soprattutto protagonisti e soggetti attivi delle iniziative programmate e attivate&#8221;. (tratto da <a href=\"https:\/\/percorsiconibambini.it\/\" target=\"_blank\" rel=\"noopener\">https:\/\/percorsiconibambini.it\/<\/a>)<\/p>\n<p style=\"text-align: center;\">*************************<\/p>\n<p>&#8220;Per comunit\u00e0 educante intendiamo un tessuto di <strong>relazioni solidali e collaboranti<\/strong>, costituito e alimentato da coloro che vivono e operano in un territorio, che ne hanno a cuore il destino e che riconoscono la responsabilit\u00e0 dell\u2019abitarlo insieme. Costituiscono la comunit\u00e0 educante tutti coloro che \u2013 a partire da sensibilit\u00e0 e riferimenti diversi \u2013 sentono e vivono l\u2019impegno di partecipare e contribuire alla\u00a0<strong>crescita educativa, culturale e sociale<\/strong>\u00a0delle bambine e dei bambini, delle ragazze e dei ragazzi, degli stessi adulti. La comunit\u00e0 educante \u00e8 dunque informale, aperta, tollerante, costituita dai processi di collaborazione di diversi soggetti locali in dialogo, che con intensit\u00e0 diverse condividono l\u2019impegno nel promuovere prospettive e pratiche educative rispettose, inclusive, generative. Una pluralit\u00e0 di soggetti di riferimento che va dai\u00a0<strong>genitori\u00a0<\/strong>alla\u00a0<strong>scuola<\/strong>, dalle\u00a0<strong>associazioni di volontariato<\/strong>,\u00a0<strong>culturali<\/strong>,\u00a0<strong>sportive\u00a0<\/strong>alle\u00a0<strong>organizzazioni religiose<\/strong>, dagli\u00a0<strong>attori economici<\/strong>\u00a0alle\u00a0<strong>istituzioni<\/strong>: soggetti che, nei loro ambiti di intervento, riconoscono l\u2019apporto educativo che mettono in campo e ne fanno un elemento guida della loro azione&#8221;. (tratto da <a href=\"https:\/\/www.secondowelfare.it\/\" target=\"_blank\" rel=\"noopener\">https:\/\/www.secondowelfare.it\/<\/a>)<\/p>\n<p style=\"text-align: center;\">*************************<\/p>\n<p>&#8220;<strong>La comunit\u00e0 educante <\/strong><span style=\"font-size: inherit;\">\u00e8 l\u2019insieme degli attori territoriali <\/span><span style=\"font-size: inherit;\">che si impegnano a\u00a0<\/span><span style=\"font-size: inherit;\">garantire il benessere e la crescita di ragazze e ragazzi<\/span><span style=\"font-size: inherit;\">. Di che attori territoriali parliamo?\u00a0<\/span><span style=\"font-size: inherit;\">Come si interfacciano<\/span><span style=\"font-size: inherit;\">\u00a0e\u00a0<\/span><span style=\"font-size: inherit;\">qual \u00e8 il loro scopo<\/span><span style=\"font-size: inherit;\">? <\/span><span style=\"font-size: inherit;\">Con attori territoriali si intendono<\/span><span style=\"font-size: inherit;\">\u00a0tutte quelle\u00a0<\/span><span style=\"font-size: inherit;\">figure<\/span><span style=\"font-size: inherit;\">\u00a0che fanno parte di una zona di una citt\u00e0, di un quartiere o di un Paese\u00a0<\/span><span style=\"font-size: inherit;\">che operano sul territorio a scopi diversi<\/span><span style=\"font-size: inherit;\">. Per fare degli esempi concreti: sono le associazioni culturali e sportive, gli oratori, le istituzioni, le organizzazioni non governative, , le famiglie, i docenti, il personale scolastico e possono farne parte anche le aziende.\u00a0<\/span><span style=\"font-size: inherit;\">Sono\u00a0<\/span><span style=\"font-size: inherit;\">questi ed altri<\/span><span style=\"font-size: inherit;\">\u00a0micro mondi che<\/span><span style=\"font-size: inherit;\">, per quanto riguarda la comunit\u00e0 educante,\u00a0<\/span><span style=\"font-size: inherit;\">gravitano intorno<\/span><span style=\"font-size: inherit;\">\u00a0ad un nucleo ben preciso:\u00a0<\/span><span style=\"font-size: inherit;\">la scuola<\/span><span style=\"font-size: inherit;\">. <\/span><span style=\"font-size: inherit;\">Questi attori possono<\/span><span style=\"font-size: inherit;\">\u00a0formalizzare la collaborazione attraverso <\/span><strong style=\"font-size: inherit;\">la\u00a0costituzione di patti educativi di comunit\u00e0<\/strong><span style=\"font-size: inherit;\">, basati sulla co-progettazione e corresponsabilit\u00e0 dell\u2019azione realizzata su ogni specifico territorio, che hanno come\u00a0<\/span><span style=\"font-size: inherit;\">obiettivo ultimo il benessere e la crescita di bambini e ragazzi\u00a0<\/span><span style=\"font-size: inherit;\">da un punto di vista educativo, formativo e di costruzione del loro futuro&#8221;. <\/span><span style=\"font-size: inherit;\">(tratto da <\/span><a style=\"font-size: inherit; background-color: #ffffff;\" href=\"https:\/\/www.savethechildren.it\/\" target=\"_blank\" rel=\"noopener\">https:\/\/www.savethechildren.it\/<\/a><span style=\"font-size: inherit;\">)<\/span><\/p>\n<h2>Approfondimenti<\/h2>\n<p><a href=\"https:\/\/www.vita.it\/la-comunita-educante-non-e-un-puzzle-ma-un-desiderio\/\" target=\"_blank\" rel=\"noopener\">La Comunit\u00e0 educante non \u00e8 un puzzle ma un desiderio<\/a><\/p>\n<p><a href=\"https:\/\/www.savethechildren.it\/blog-e-notizie\/che-cose-la-comunita-educante-e-come-costruirla-7-suggerimenti\" target=\"_blank\" rel=\"noopener\">Che cos\u2019\u00e8 la comunit\u00e0 educante e come costruirla: 7 suggerimenti<\/a><\/p>\n<p><a href=\"https:\/\/www.chiesadinapoli.it\/il-patto-educativo-continua-ad-alimentare-energie-per-favorire-nuovo-tessuto-sociale-2\/\" target=\"_blank\" rel=\"noopener\">Il Patto Educativo di Napoli<\/a><\/p>\n<p><a href=\"https:\/\/www.savethechildren.it\/blog-e-notizie\/la-comunita-educante-contro-la-dispersione-scolastica-e-la-poverta-educativa\" target=\"_blank\" rel=\"noopener\">La comunit\u00e0 educante contro la dispersione scolastica e la povert\u00e0 educativa<\/a><\/p>\n<p><a href=\"https:\/\/www.unicef.it\/diritti-bambini-italia\/poverta\/\" target=\"_blank\" rel=\"noopener\">UNICEF Italia<\/a><\/p>\n<p>&nbsp;<\/p>\n","protected":false},"excerpt":{"rendered":"<p>&#8220;La risposta al fenomeno della povert\u00e0 educativa minorile\u00a0\u00e8 la comunit\u00e0 educante, che comprende l\u2019insieme dei soggetti coinvolti nella crescita e nell\u2019educazione dei minori. In primis scuola e famiglia, ma anche organizzazioni del Terzo settore, privato sociale, istituzioni, societ\u00e0 civile, parrocchie, universit\u00e0, i ragazzi stessi. Comunit\u00e0 educante \u00e8 l\u2019intera collettivit\u00e0 che ruota intorno ai pi\u00f9 giovani. Una comunit\u00e0 che cresce \u201ccon\u201d loro, e non solo per &hellip; <a href=\"https:\/\/www.diocesimessina.it\/pattoeducativo\/comunita-educante\/\" class=\"more-link\">Continua a leggere <span class=\"screen-reader-text\">Comunit\u00e0 Educante<\/span> <span class=\"meta-nav\">&raquo;<\/span><\/a><\/p>\n","protected":false},"author":10,"featured_media":0,"parent":0,"menu_order":0,"comment_status":"closed","ping_status":"closed","template":"","meta":{"ip_address":"","user_agent":"","level":"","revision":"","cookie_id":"","page_referer":"","html_form":"","footnotes":""},"acf":[],"yoast_head":"<!-- This site is optimized with the Yoast SEO plugin v21.8 - https:\/\/yoast.com\/wordpress\/plugins\/seo\/ -->\n<title>Comunit\u00e0 Educante - Patto Educativo<\/title>\n<meta name=\"robots\" content=\"index, follow, max-snippet:-1, max-image-preview:large, max-video-preview:-1\" \/>\n<link rel=\"canonical\" href=\"https:\/\/www.diocesimessina.it\/pattoeducativo\/comunita-educante\/\" \/>\n<meta property=\"og:locale\" content=\"it_IT\" \/>\n<meta property=\"og:type\" content=\"article\" \/>\n<meta property=\"og:title\" content=\"Comunit\u00e0 Educante - Patto Educativo\" \/>\n<meta property=\"og:description\" content=\"&#8220;La risposta al fenomeno della povert\u00e0 educativa minorile\u00a0\u00e8 la comunit\u00e0 educante, che comprende l\u2019insieme dei soggetti coinvolti nella crescita e nell\u2019educazione dei minori. In primis scuola e famiglia, ma anche organizzazioni del Terzo settore, privato sociale, istituzioni, societ\u00e0 civile, parrocchie, universit\u00e0, i ragazzi stessi. Comunit\u00e0 educante \u00e8 l\u2019intera collettivit\u00e0 che ruota intorno ai pi\u00f9 giovani. Una comunit\u00e0 che cresce \u201ccon\u201d loro, e non solo per &hellip; Continua a leggere Comunit\u00e0 Educante &raquo;\" \/>\n<meta property=\"og:url\" content=\"https:\/\/www.diocesimessina.it\/pattoeducativo\/comunita-educante\/\" \/>\n<meta property=\"og:site_name\" content=\"Patto Educativo\" \/>\n<meta name=\"twitter:card\" content=\"summary_large_image\" \/>\n<meta name=\"twitter:label1\" content=\"Tempo di lettura stimato\" \/>\n\t<meta name=\"twitter:data1\" content=\"3 minuti\" \/>\n<script type=\"application\/ld+json\" class=\"yoast-schema-graph\">{\"@context\":\"https:\/\/schema.org\",\"@graph\":[{\"@type\":\"WebPage\",\"@id\":\"https:\/\/www.diocesimessina.it\/pattoeducativo\/comunita-educante\/\",\"url\":\"https:\/\/www.diocesimessina.it\/pattoeducativo\/comunita-educante\/\",\"name\":\"Comunit\u00e0 Educante - Patto Educativo\",\"isPartOf\":{\"@id\":\"https:\/\/www.diocesimessina.it\/pattoeducativo\/#website\"},\"datePublished\":\"2024-05-26T07:45:49+00:00\",\"dateModified\":\"2024-05-26T07:45:49+00:00\",\"breadcrumb\":{\"@id\":\"https:\/\/www.diocesimessina.it\/pattoeducativo\/comunita-educante\/#breadcrumb\"},\"inLanguage\":\"it-IT\",\"potentialAction\":[{\"@type\":\"ReadAction\",\"target\":[\"https:\/\/www.diocesimessina.it\/pattoeducativo\/comunita-educante\/\"]}]},{\"@type\":\"BreadcrumbList\",\"@id\":\"https:\/\/www.diocesimessina.it\/pattoeducativo\/comunita-educante\/#breadcrumb\",\"itemListElement\":[{\"@type\":\"ListItem\",\"position\":1,\"name\":\"Home\",\"item\":\"https:\/\/www.diocesimessina.it\/pattoeducativo\/\"},{\"@type\":\"ListItem\",\"position\":2,\"name\":\"Comunit\u00e0 Educante\"}]},{\"@type\":\"WebSite\",\"@id\":\"https:\/\/www.diocesimessina.it\/pattoeducativo\/#website\",\"url\":\"https:\/\/www.diocesimessina.it\/pattoeducativo\/\",\"name\":\"Patto Educativo\",\"description\":\"\",\"publisher\":{\"@id\":\"https:\/\/www.diocesimessina.it\/pattoeducativo\/#organization\"},\"potentialAction\":[{\"@type\":\"SearchAction\",\"target\":{\"@type\":\"EntryPoint\",\"urlTemplate\":\"https:\/\/www.diocesimessina.it\/pattoeducativo\/?s={search_term_string}\"},\"query-input\":\"required name=search_term_string\"}],\"inLanguage\":\"it-IT\"},{\"@type\":\"Organization\",\"@id\":\"https:\/\/www.diocesimessina.it\/pattoeducativo\/#organization\",\"name\":\"Patto Educativo\",\"url\":\"https:\/\/www.diocesimessina.it\/pattoeducativo\/\",\"logo\":{\"@type\":\"ImageObject\",\"inLanguage\":\"it-IT\",\"@id\":\"https:\/\/www.diocesimessina.it\/pattoeducativo\/#\/schema\/logo\/image\/\",\"url\":\"https:\/\/www.diocesimessina.it\/pattoeducativo\/wp-content\/uploads\/sites\/16\/2024\/04\/logo_new_patto_messina2.png\",\"contentUrl\":\"https:\/\/www.diocesimessina.it\/pattoeducativo\/wp-content\/uploads\/sites\/16\/2024\/04\/logo_new_patto_messina2.png\",\"width\":843,\"height\":533,\"caption\":\"Patto Educativo\"},\"image\":{\"@id\":\"https:\/\/www.diocesimessina.it\/pattoeducativo\/#\/schema\/logo\/image\/\"}}]}<\/script>\n<!-- \/ Yoast SEO plugin. -->","yoast_head_json":{"title":"Comunit\u00e0 Educante - Patto Educativo","robots":{"index":"index","follow":"follow","max-snippet":"max-snippet:-1","max-image-preview":"max-image-preview:large","max-video-preview":"max-video-preview:-1"},"canonical":"https:\/\/www.diocesimessina.it\/pattoeducativo\/comunita-educante\/","og_locale":"it_IT","og_type":"article","og_title":"Comunit\u00e0 Educante - Patto Educativo","og_description":"&#8220;La risposta al fenomeno della povert\u00e0 educativa minorile\u00a0\u00e8 la comunit\u00e0 educante, che comprende l\u2019insieme dei soggetti coinvolti nella crescita e nell\u2019educazione dei minori. In primis scuola e famiglia, ma anche organizzazioni del Terzo settore, privato sociale, istituzioni, societ\u00e0 civile, parrocchie, universit\u00e0, i ragazzi stessi. Comunit\u00e0 educante \u00e8 l\u2019intera collettivit\u00e0 che ruota intorno ai pi\u00f9 giovani. Una comunit\u00e0 che cresce \u201ccon\u201d loro, e non solo per &hellip; Continua a leggere Comunit\u00e0 Educante &raquo;","og_url":"https:\/\/www.diocesimessina.it\/pattoeducativo\/comunita-educante\/","og_site_name":"Patto Educativo","twitter_card":"summary_large_image","twitter_misc":{"Tempo di lettura stimato":"3 minuti"},"schema":{"@context":"https:\/\/schema.org","@graph":[{"@type":"WebPage","@id":"https:\/\/www.diocesimessina.it\/pattoeducativo\/comunita-educante\/","url":"https:\/\/www.diocesimessina.it\/pattoeducativo\/comunita-educante\/","name":"Comunit\u00e0 Educante - Patto Educativo","isPartOf":{"@id":"https:\/\/www.diocesimessina.it\/pattoeducativo\/#website"},"datePublished":"2024-05-26T07:45:49+00:00","dateModified":"2024-05-26T07:45:49+00:00","breadcrumb":{"@id":"https:\/\/www.diocesimessina.it\/pattoeducativo\/comunita-educante\/#breadcrumb"},"inLanguage":"it-IT","potentialAction":[{"@type":"ReadAction","target":["https:\/\/www.diocesimessina.it\/pattoeducativo\/comunita-educante\/"]}]},{"@type":"BreadcrumbList","@id":"https:\/\/www.diocesimessina.it\/pattoeducativo\/comunita-educante\/#breadcrumb","itemListElement":[{"@type":"ListItem","position":1,"name":"Home","item":"https:\/\/www.diocesimessina.it\/pattoeducativo\/"},{"@type":"ListItem","position":2,"name":"Comunit\u00e0 Educante"}]},{"@type":"WebSite","@id":"https:\/\/www.diocesimessina.it\/pattoeducativo\/#website","url":"https:\/\/www.diocesimessina.it\/pattoeducativo\/","name":"Patto Educativo","description":"","publisher":{"@id":"https:\/\/www.diocesimessina.it\/pattoeducativo\/#organization"},"potentialAction":[{"@type":"SearchAction","target":{"@type":"EntryPoint","urlTemplate":"https:\/\/www.diocesimessina.it\/pattoeducativo\/?s={search_term_string}"},"query-input":"required name=search_term_string"}],"inLanguage":"it-IT"},{"@type":"Organization","@id":"https:\/\/www.diocesimessina.it\/pattoeducativo\/#organization","name":"Patto Educativo","url":"https:\/\/www.diocesimessina.it\/pattoeducativo\/","logo":{"@type":"ImageObject","inLanguage":"it-IT","@id":"https:\/\/www.diocesimessina.it\/pattoeducativo\/#\/schema\/logo\/image\/","url":"https:\/\/www.diocesimessina.it\/pattoeducativo\/wp-content\/uploads\/sites\/16\/2024\/04\/logo_new_patto_messina2.png","contentUrl":"https:\/\/www.diocesimessina.it\/pattoeducativo\/wp-content\/uploads\/sites\/16\/2024\/04\/logo_new_patto_messina2.png","width":843,"height":533,"caption":"Patto Educativo"},"image":{"@id":"https:\/\/www.diocesimessina.it\/pattoeducativo\/#\/schema\/logo\/image\/"}}]}},"_links":{"self":[{"href":"https:\/\/www.diocesimessina.it\/pattoeducativo\/wp-json\/wp\/v2\/pages\/78"}],"collection":[{"href":"https:\/\/www.diocesimessina.it\/pattoeducativo\/wp-json\/wp\/v2\/pages"}],"about":[{"href":"https:\/\/www.diocesimessina.it\/pattoeducativo\/wp-json\/wp\/v2\/types\/page"}],"author":[{"embeddable":true,"href":"https:\/\/www.diocesimessina.it\/pattoeducativo\/wp-json\/wp\/v2\/users\/10"}],"replies":[{"embeddable":true,"href":"https:\/\/www.diocesimessina.it\/pattoeducativo\/wp-json\/wp\/v2\/comments?post=78"}],"version-history":[{"count":3,"href":"https:\/\/www.diocesimessina.it\/pattoeducativo\/wp-json\/wp\/v2\/pages\/78\/revisions"}],"predecessor-version":[{"id":81,"href":"https:\/\/www.diocesimessina.it\/pattoeducativo\/wp-json\/wp\/v2\/pages\/78\/revisions\/81"}],"wp:attachment":[{"href":"https:\/\/www.diocesimessina.it\/pattoeducativo\/wp-json\/wp\/v2\/media?parent=78"}],"curies":[{"name":"wp","href":"https:\/\/api.w.org\/{rel}","templated":true}]}}